{"id":203,"date":"2014-12-15T10:58:06","date_gmt":"2014-12-15T10:58:06","guid":{"rendered":"https:\/\/joellebarakat.com\/?page_id=203"},"modified":"2015-12-15T17:00:15","modified_gmt":"2015-12-15T17:00:15","slug":"accueil_temp","status":"publish","type":"page","link":"https:\/\/joellebarakat.com\/?page_id=203","title":{"rendered":"Accueil_temp"},"content":{"rendered":"<div id=\"pl-203\"  class=\"panel-layout\" ><div id=\"pg-203-0\"  class=\"panel-grid panel-no-style\" ><div id=\"pgc-203-0-0\"  class=\"panel-grid-cell\" ><div id=\"panel-203-0-0-0\" class=\"so-panel widget widget_black-studio-tinymce widget_black_studio_tinymce panel-first-child panel-last-child\" data-index=\"0\" ><div class=\"textwidget\"><div class=\"su-tabs su-tabs-style-default su-tabs-mobile-stack tab-accueil\" data-active=\"1\" data-scroll-offset=\"0\" data-anchor-in-url=\"no\"><div class=\"su-tabs-nav\"><span class=\"\" data-url=\"\" data-target=\"blank\" tabindex=\"0\" role=\"button\">Bio<\/span><span class=\"\" data-url=\"\" data-target=\"blank\" tabindex=\"0\" role=\"button\">Galerie<\/span><span class=\"\" data-url=\"\" data-target=\"blank\" tabindex=\"0\" role=\"button\">Expositions<\/span><span class=\"\" data-url=\"\" data-target=\"blank\" tabindex=\"0\" role=\"button\">T\u00e9moignages<\/span><span class=\"\" data-url=\"\" data-target=\"blank\" tabindex=\"0\" role=\"button\">Presse<\/span><span class=\"\" data-url=\"\" data-target=\"blank\" tabindex=\"0\" role=\"button\">Contact<\/span><\/div><div class=\"su-tabs-panes\"><div class=\"su-tabs-pane su-u-clearfix su-u-trim\" data-title=\"Bio\">\n<p style=\"text-align: justify;\"><img class=\"image-joelle\" src=\"https:\/\/joellebarakat.com\/wp-content\/uploads\/2014\/10\/02-Photo-CV-expo-final.jpg\" alt=\"02 Photo CV-expo\" width=\"200\" height=\"300\" \/>N\u00e9e en 1971 \u00e0 Gen\u00e8ve, Jo\u00eblle Barakat a grandi dans le canton de Vaud, o\u00f9 elle r\u00e9side encore aujourd\u02bchui. A l\u02bcamyotrophie spinale infantile de Type 3 dont elle est g\u00e9n\u00e9tiquement atteinte, s\u2019ajoute une scoliose d\u00e9terminant une 1\u00e8re op\u00e9ration en 1984. Celle-ci se solde par un \u00e9chec, et signe pour JB le d\u00e9but de douleurs dorsales r\u00e9calcitrantes et l\u2019acceptation d\u00e9finitive d\u2019une chaise roulante. JB ne pouvant plus rester assise longuement, elle doit quitter l\u02bc\u00e9cole obligatoire. C\u2019est toute seule qu\u2019elle continue \u00e0 \u00e9tudier, qu'elle apprend l'anglais et l'espagnol. En 1995, elle est prise en charge par le Professeur Jean Dubousset \u00e0 Paris pour une lourde intervention sur la colonne vert\u00e9brale, \u00e0 vis\u00e9e r\u00e9paratrice de l\u2019op\u00e9ration de 1984. Durant des mois dans le pl\u00e2tre, elle d\u00e9couvre la musique classique. Le r\u00e9sultat de l'op\u00e9ration est tr\u00e8s satisfaisant et aboutit \u00e0 la disparition des douleurs.<\/p>\n<p style=\"text-align: justify;\">Attir\u00e9e par la musique classique elle travaille le chant et d\u00e9veloppe sa voix d'alto. Elle chante dans le Choeur Universitaire de Gen\u00e8ve, le Choeur du Conservatoire de Musique de Gen\u00e8ve et dans les Madrigaux Elisab\u00e9thains. Elle devient membre du Comit\u00e9 du Ch\u0153ur Universitaire de Gen\u00e8ve dont elle assume durant une ann\u00e9e le service de presse, de communication et de promotion.<\/p>\n<p style=\"text-align: justify;\">En 2000, un accident en kin\u00e9sith\u00e9rapie \u00e0 cons\u00e9quence irr\u00e9parable provoque un retour en force des douleurs et impose de nouveaux enjeux th\u00e9rapeutiques. De 2001 \u00e0 2013, elle subit 9 op\u00e9rations du dos et du bassin, la condamnant plusieurs mois \u00e0 l'immobilisation totale dans le pl\u00e2tre. Durant ses p\u00e9riodes de r\u00e9mission elle prend part activement \u00e0 une quarantaine de concerts sur la r\u00e9gion l\u00e9manique. Malheureusement, fin 2009, les douleurs s\u2019intensifient et sont telles que JB ne peut plus assumer aucune activit\u00e9, la musique incluse. Son \u00e9tat physique la maintient quasi alit\u00e9e en proie \u00e0 une souffrance insupportable. En automne 2013, elle se fait op\u00e9rer une derni\u00e8re fois au niveau du bassin. A plat de lit pendant 4 mois, elle cherche comment calmer sa douleur. Elle t\u00e9l\u00e9charge sur sa tablette un programme num\u00e9rique basique pour peindre, et d\u00e9couvre qu'elle peut lib\u00e9rer sa douleur. Interpell\u00e9e, elle r\u00e9alise que la douleur peut devenir une source d'inspiration. La violence des attaques algiques la pousse \u00e0 peindre. Chaque degr\u00e9 d'intensit\u00e9 des \u00e9lancements correspond \u00e0 une teinte qui la stabilise. Elle s'ouvre ainsi \u00e0 la lumi\u00e8re apaisante et r\u00e9g\u00e9n\u00e9ratrice qui est la source souveraine de son \u00e9nergie invincible.<\/p>\n<p style=\"text-align: justify;\"><em>N.B. \"Les dessins pr\u00e9sent\u00e9s ici ont \u00e9t\u00e9 tir\u00e9s sur des toiles synth\u00e9tiques. Leurs th\u00e8mes refl\u00e8tent l\u02bcintensit\u00e9 douloureuse du moment. Je peins allong\u00e9e avec un pinceau pour tablette ou avec le doigt. Une \u00abtoile\u00bb se fait en 10-20 min. Je ne connais jamais l'aboutissement du premier trait : je tends vers quelque chose d'ind\u00e9termin\u00e9, c'est ce qui me pla\u00eet. Aussit\u00f4t que les couleurs me procurent une l\u00e9g\u00e8re satisfaction, je m'arr\u00eate imm\u00e9diatement. JB\"<\/em><\/p>\n<p style=\"text-align: justify;\"><\/div>\n<div class=\"su-tabs-pane su-u-clearfix su-u-trim\" data-title=\"Galerie\"><\/p>\n\n<div class=\"gallerie-images\">[Not a valid template]<\/div>\n<p style=\"text-align: justify;\"><\/div>\n<div class=\"su-tabs-pane su-u-clearfix su-u-trim\" data-title=\"Expositions\"><\/p>\n\n<div id=\"expos\">\n<h2>Du 4 novembre 2014 au 02 f\u00e9vrier 2015<\/h2>\n<a class=\"flyer-expo\" href=\"https:\/\/joellebarakat.com\/wp-content\/uploads\/2014\/12\/expo_ghol_2.pdf\" target=\"_blank\">GHOL - HOPITAL DE NYON<\/a>\n\n<\/div>\n<p style=\"text-align: justify;\"><\/div>\n<div class=\"su-tabs-pane su-u-clearfix su-u-trim\" data-title=\"T\u00e9moignages\"><div class=\"hms-testimonial-group\"><div id=\"hms_testimonial_1\" class=\"hms-testimonial-container hms-testimonial-1 hms-testimonial-template-25\" itemprop=\"review\" itemscope itemtype=\"http:\/\/schema.org\/Review\"><span style=\"display:none;\" itemprop=\"itemreviewed\">JO\u00cbLLE BARAKAT<\/span><div class=\"testimonial\" itemprop=\"description\">Jo\u00eblle,<br \/>\nSaisissantes  tes peintures.<br \/>\nCette nouvelle forme d\u2019art brut interpelle.<br \/>\nL\u2019on saisi la douleur qui est l\u00e0, palpable.<br \/>\nJe  retrouve ton esprit et ton humour teint\u00e9 de d\u00e9rision  dans les titres de tes \u0153uvres:<br \/>\n\u00ab Des larmes de pluie \u00bb, \u00ab Une morphine sous le soleil \u00bb, \u00ab  Chambre \u00e0 air \u00bb, \u00ab En dos majeur \u00bb, \u00ab Be Carefull \u00bb<br \/>\nTOUT N'EST QUE FORCE, PUISSANCE,  BEAUTE,  ET EMOTION<\/div><div class=\"author\" itemprop=\"author\">Jacques<\/div><\/div><div id=\"hms_testimonial_2\" class=\"hms-testimonial-container hms-testimonial-2 hms-testimonial-template-25\" itemprop=\"review\" itemscope itemtype=\"http:\/\/schema.org\/Review\"><span style=\"display:none;\" itemprop=\"itemreviewed\">JO\u00cbLLE BARAKAT<\/span><div class=\"testimonial\" itemprop=\"description\">Tr\u00e8s ch\u00e8re Jo\u00eblle,<br \/>\nEn effet, j\u2019\u00e9tais tr\u00e8s impressionn\u00e9e et \u00e9mue de voir comment tu as pu exprimer tes douleurs et souffrances par l\u2019art. Tu es vraiment une personne extr\u00eamement courageuse, une chose que j\u2019ai \u00e9videmment toujours su... !<br \/>\nIl y en a aussi qui me fait deviner un certain humour, comme Dos Majeur,  et Pubis bleu...<\/div><div class=\"author\" itemprop=\"author\">Tore et Andr\u00e9<\/div><\/div><div id=\"hms_testimonial_3\" class=\"hms-testimonial-container hms-testimonial-3 hms-testimonial-template-25\" itemprop=\"review\" itemscope itemtype=\"http:\/\/schema.org\/Review\"><span style=\"display:none;\" itemprop=\"itemreviewed\">JO\u00cbLLE BARAKAT<\/span><div class=\"testimonial\" itemprop=\"description\">Tes dessins expriment plus que des mots.... et sont pourtant si color\u00e9s: l'espoir est bel et bien pr\u00e9sent !<br \/>\nCe que tu re\u00e7ois sont les \u00e9chos et les r\u00e9sonnances que tes tableaux cr\u00e9ent chez ceux qui les voient...<\/div><div class=\"author\" itemprop=\"author\">Ma\u00fflis<\/div><\/div><div id=\"hms_testimonial_4\" class=\"hms-testimonial-container hms-testimonial-4 hms-testimonial-template-25\" itemprop=\"review\" itemscope itemtype=\"http:\/\/schema.org\/Review\"><span style=\"display:none;\" itemprop=\"itemreviewed\">JO\u00cbLLE BARAKAT<\/span><div class=\"testimonial\" itemprop=\"description\">Ma ch\u00e8re Jo\u00eblle,<br \/>\nTu ouvres un chemin essentiel avec un courage et une d\u00e9termination incroyable. Je n'ai pas vu l'expo comme dans un mus\u00e9e ou une galerie d'art. Je l'ai observ\u00e9e, comme si j'\u00e9tais avec toi, tu me parlais. L\u00e0 je me suis dit que vraiment c'est la Cr\u00e9ation d'une voie dans l'\u0153uvre d'art. La douleur devenant le vecteur essentiel, l'\u00e9nergie conductrice. Est-ce que la douleur peut devenir le ma\u00eetre d'\u0153uvre de l'artiste ? Mais il y a un tout dans l'\u00e9v\u00e8nement qui plonge le spectateur dans un tr\u00e9fonds essentiel.<br \/>\nJe t'embrasse<\/div><div class=\"author\" itemprop=\"author\">Maulde<\/div><\/div><div id=\"hms_testimonial_5\" class=\"hms-testimonial-container hms-testimonial-5 hms-testimonial-template-25\" itemprop=\"review\" itemscope itemtype=\"http:\/\/schema.org\/Review\"><span style=\"display:none;\" itemprop=\"itemreviewed\">JO\u00cbLLE BARAKAT<\/span><div class=\"testimonial\" itemprop=\"description\">J'y ai vu en outre une expression des plus n\u00e9cessaires de<br \/>\nnombreuses sources et allusions. Pour le graphisme les artistes de la<br \/>\nrue, pour la couleur beaucoup de go\u00fbt, recherche et talent, pour la<br \/>\nm\u00e9thode une pr\u00e9occupation vers le conceptualis\u00e9. Il y a beaucoup \u00e0 y trouver et \u00e0 y d\u00e9velopper.<\/div><div class=\"author\" itemprop=\"author\">Michel<\/div><\/div><div id=\"hms_testimonial_6\" class=\"hms-testimonial-container hms-testimonial-6 hms-testimonial-template-25\" itemprop=\"review\" itemscope itemtype=\"http:\/\/schema.org\/Review\"><span style=\"display:none;\" itemprop=\"itemreviewed\">JO\u00cbLLE BARAKAT<\/span><div class=\"testimonial\" itemprop=\"description\">Quel courage dans ce long p\u00e9riple de douleurs physiques, tes peintures pleines de Forces et de couleurs vives, autant que tes douleurs. Cela me touche avec les textes.<\/div><div class=\"author\" itemprop=\"author\">Muriel<\/div><\/div><div id=\"hms_testimonial_7\" class=\"hms-testimonial-container hms-testimonial-7 hms-testimonial-template-25\" itemprop=\"review\" itemscope itemtype=\"http:\/\/schema.org\/Review\"><span style=\"display:none;\" itemprop=\"itemreviewed\">JO\u00cbLLE BARAKAT<\/span><div class=\"testimonial\" itemprop=\"description\">Ch\u00e8re Jo\u00eblle,<br \/>\nImpressionn\u00e9e, \u00e9mue... Une grande force \u00e9mane de cet ensemble de toiles. J'y palpe ta pleine pr\u00e9sence, tu es l\u00e0 tout enti\u00e8re. <br \/>\nLe petit panneau avec les inscriptions est tellement parlant, triste et gai \u00e0 la fois, rehauss\u00e9 par des touches d'humour, et puis beau dans ses volumes et couleurs.<br \/>\nBRAVO ! Comment exprimer mieux que cela le chaos engendr\u00e9 par la douleur, l'explosion des r\u00e9sistances, la br\u00fblure, la limite d\u00e9pass\u00e9e du supportable ? Tout est l\u00e0. C'est beau : pas parce que c'est esth\u00e9tique, pas parce que la douleur est belle, mais parce que cela parle VRAI. La r\u00e9alit\u00e9 y est transpos\u00e9e dans sa totale v\u00e9rit\u00e9 et nudit\u00e9. Tu as atteint ce qui est le but et le sens m\u00eame de l'ART : transposer la VERITE de R\u00e9el en langage pictural, musical ou po\u00e9tique.<\/div><div class=\"author\" itemprop=\"author\">Lise<\/div><\/div><div id=\"hms_testimonial_8\" class=\"hms-testimonial-container hms-testimonial-8 hms-testimonial-template-25\" itemprop=\"review\" itemscope itemtype=\"http:\/\/schema.org\/Review\"><span style=\"display:none;\" itemprop=\"itemreviewed\">JO\u00cbLLE BARAKAT<\/span><div class=\"testimonial\" itemprop=\"description\">Jo\u00eblle,<br \/>\nUn tr\u00e8s, tr\u00e8s grand merci pour ces moments partag\u00e9s hier, une magnifique le\u00e7on de vie que vous nous avez offert.<br \/>\nCordialement,<\/div><div class=\"author\" itemprop=\"author\">Roland<\/div><\/div><div id=\"hms_testimonial_9\" class=\"hms-testimonial-container hms-testimonial-9 hms-testimonial-template-25\" itemprop=\"review\" itemscope itemtype=\"http:\/\/schema.org\/Review\"><span style=\"display:none;\" itemprop=\"itemreviewed\">JO\u00cbLLE BARAKAT<\/span><div class=\"testimonial\" itemprop=\"description\">Ch\u00e8re Jo\u00eblle,<br \/>\nVos \u0153uvres ainsi que ce que vous partagez, est tr\u00e8s touchant et suis certaine que \u00e7a sera une source d'inspiration pour d'autres personnes concern\u00e9es directement ou indirectement par des douleurs chroniques.<br \/>\nVous \u00eates votre meilleur m\u00e9dicament !<\/div><div class=\"author\" itemprop=\"author\">Dr. SA<\/div><\/div><div id=\"hms_testimonial_10\" class=\"hms-testimonial-container hms-testimonial-10 hms-testimonial-template-25\" itemprop=\"review\" itemscope itemtype=\"http:\/\/schema.org\/Review\"><span style=\"display:none;\" itemprop=\"itemreviewed\">JO\u00cbLLE BARAKAT<\/span><div class=\"testimonial\" itemprop=\"description\">Ch\u00e8re Jo\u00eblle, je te f\u00e9licite car tu as trouv\u00e9 seule ton vrai rem\u00e8de. J\u2019en suis tr\u00e8s heureux pour toi, d\u2019autant tu es radieuse sur la Belle photo. Je suis tr\u00e8s impressionn\u00e9 par la s\u00e9dation partielle m\u00eame inconstante que cela peut entrainer. Peux-tu grader la douleur en fonction des couleurs que tu emploies? Est-ce que aussi lorsque tu as une crise douloureuse, en\u00a0 revoyant\u00a0 toutes tes oeuvres l'une apr\u00e8s l'autre, y en a t'-il une qui abaisse ton seuil douloureux ? Bravo, Continue. Je t\u2019embrasse de tout mon c\u0153ur.<\/div><div class=\"author\" itemprop=\"author\">Prof. JFD<\/div><\/div><div id=\"hms_testimonial_11\" class=\"hms-testimonial-container hms-testimonial-11 hms-testimonial-template-25\" itemprop=\"review\" itemscope itemtype=\"http:\/\/schema.org\/Review\"><span style=\"display:none;\" itemprop=\"itemreviewed\">JO\u00cbLLE BARAKAT<\/span><div class=\"testimonial\" itemprop=\"description\">Ma belle Jo\u00eblle,<br \/>\nTes toiles sont superbes! Elles expriment beaucoup d'\u00e9motions et d'intensit\u00e9 !!! Tu as trouv\u00e9 un tr\u00e8s beau moyen d'ext\u00e9rioriser cette douleur que personne ne peut ressentir \u00e0 ta place, tu l'utilises pour t'apporter au final un apaisement ! Je te tire mon chapeau.<\/div><div class=\"author\" itemprop=\"author\">Sophie<\/div><\/div><div id=\"hms_testimonial_12\" class=\"hms-testimonial-container hms-testimonial-12 hms-testimonial-template-25\" itemprop=\"review\" itemscope itemtype=\"http:\/\/schema.org\/Review\"><span style=\"display:none;\" itemprop=\"itemreviewed\">JO\u00cbLLE BARAKAT<\/span><div class=\"testimonial\" itemprop=\"description\">Ma ch\u00e8re Jo\u00eblle, c'est super ! Bravo pour cette entreprise courageuse et pleine de force !<br \/>\nJe t'embrasse<\/div><div class=\"author\" itemprop=\"author\">Dr.GW<\/div><\/div><div id=\"hms_testimonial_13\" class=\"hms-testimonial-container hms-testimonial-13 hms-testimonial-template-25\" itemprop=\"review\" itemscope itemtype=\"http:\/\/schema.org\/Review\"><span style=\"display:none;\" itemprop=\"itemreviewed\">JO\u00cbLLE BARAKAT<\/span><div class=\"testimonial\" itemprop=\"description\">Boulevers\u00e9e en d\u00e9couvrant ce langage qui exprime ta douleur. Ton combat, tu le montres avec cette \u00e9criture et ce style qui n\u2019appartiennent qu\u2019\u00e0 toi. Par \u00e9criture, je la pense aussi bien litt\u00e9raire, par tes titres que visuelle par tes traits percutants, et par tes couleurs. Jo\u00eblle, je te redis mon \u00e9motion.<\/div><div class=\"author\" itemprop=\"author\">France<\/div><\/div><div id=\"hms_testimonial_16\" class=\"hms-testimonial-container hms-testimonial-16 hms-testimonial-template-25\" itemprop=\"review\" itemscope itemtype=\"http:\/\/schema.org\/Review\"><span style=\"display:none;\" itemprop=\"itemreviewed\">JO\u00cbLLE BARAKAT<\/span><div class=\"testimonial\" itemprop=\"description\">Jo\u00eblle, j'ai trouv\u00e9 tr\u00e8s int\u00e9ressant ton travail. Je suis encore dans le choc de l'introduction. Pour tout le monde c'est automatique de penser \u00e0 Frida Kahlo. La pr\u00e9sence de la souffrance, la douleur, \u00eatre immobilis\u00e9e, trop fort et commun pour ne pas y penser. Mais le support digital est si diff\u00e9rent A part ton background, t'as une forte personnalit\u00e9, t'es beaucoup plus cultiv\u00e9e, avec un v\u00e9cu bien \u00e0 toi\u2026 tu seras toujours Jo\u00eblle Barakat... Et d\u00e8s que tu te sentiras plus forte dans ton m\u00e9tier... Peut-\u00eatre Barakat tout court.<br \/>\nJe t'embrasse fort.<\/div><div class=\"author\" itemprop=\"author\">Blanca<\/div><\/div><\/div><\/div>\n<div class=\"su-tabs-pane su-u-clearfix su-u-trim\" data-title=\"Presse\">\n<div class=\"su-row\">\n<div class=\"su-column su-column-size-1-3\"><div class=\"su-column-inner su-u-clearfix su-u-trim\"><\/p>\n\n\n<div id=\"attachment_235\" style=\"width: 210px\" class=\"wp-caption aligncenter\"><a href=\"https:\/\/joellebarakat.com\/wp-content\/uploads\/2014\/10\/24heures.pdf\" target=\"_blank\"><img aria-describedby=\"caption-attachment-235\" class=\"size-full wp-image-235\" src=\"https:\/\/joellebarakat.com\/wp-content\/uploads\/2014\/10\/24heures.jpg\" alt=\"24heures\" width=\"200\" height=\"300\" \/><\/a><p id=\"caption-attachment-235\" class=\"wp-caption-text\">24heures du 15.12.2014<\/p><\/div>\n<p style=\"text-align: justify;\"><\/div><\/div>\n<div class=\"su-column su-column-size-1-3\"><div class=\"su-column-inner su-u-clearfix su-u-trim\"><\/p>\n\n\n<div id=\"attachment_256\" style=\"width: 210px\" class=\"wp-caption aligncenter\"><a href=\"https:\/\/joellebarakat.com\/wp-content\/uploads\/2014\/10\/lacote.pdf\" target=\"_blank\"><img aria-describedby=\"caption-attachment-256\" class=\"size-full wp-image-256\" src=\"https:\/\/joellebarakat.com\/wp-content\/uploads\/2014\/10\/lacote.jpg\" alt=\"La C\u00f4te\" width=\"200\" height=\"300\" \/><\/a><p id=\"caption-attachment-256\" class=\"wp-caption-text\">La C\u00f4te du 15.12.2014<\/p><\/div>\n<p style=\"text-align: justify;\"><\/div><\/div>\n<div class=\"su-column su-column-size-1-3\"><div class=\"su-column-inner su-u-clearfix su-u-trim\"><\/p>\n\n\n<div id=\"attachment_235\" style=\"width: 210px\" class=\"wp-caption aligncenter\"><a href=\"https:\/\/joellebarakat.com\/wp-content\/uploads\/2014\/10\/letemps.pdf\" target=\"_blank\"><img aria-describedby=\"caption-attachment-235\" class=\"size-full wp-image-235\" src=\"https:\/\/joellebarakat.com\/wp-content\/uploads\/2014\/10\/letemps.jpg\" alt=\"Le Temps\" width=\"200\" height=\"300\" \/><\/a><p id=\"caption-attachment-235\" class=\"wp-caption-text\">Le Temps du 30.12.2014<\/p><\/div>\n<p style=\"text-align: justify;\"><\/div><\/div>\n<\/div>\n<div class=\"su-row\">\n<div class=\"su-column su-column-size-1-3\"><div class=\"su-column-inner su-u-clearfix su-u-trim\"><\/div><\/div><\/p>\n\n\n<div id=\"attachment_243\" style=\"width: 210px\" class=\"wp-caption aligncenter\"><a href=\"https:\/\/joellebarakat.com\/wp-content\/uploads\/2014\/12\/lematin.pdf\" target=\"_blank\"><img aria-describedby=\"caption-attachment-243\" class=\"size-full wp-image-243\" src=\"https:\/\/joellebarakat.com\/wp-content\/uploads\/2014\/12\/lematin_2.jpg\" alt=\"Le Matin\" width=\"200\" height=\"300\" \/><\/a><p id=\"caption-attachment-243\" class=\"wp-caption-text\">Le Matin du 15.12.2014<\/p><\/div>\n<p style=\"text-align: justify;\"><\/div>\n<\/div>\n<div class=\"su-tabs-pane su-u-clearfix su-u-trim\" data-title=\"Contact\"><div role=\"form\" class=\"wpcf7\" id=\"wpcf7-f117-o1\" lang=\"fr-FR\" dir=\"ltr\">\n<div class=\"screen-reader-response\"><p role=\"status\" aria-live=\"polite\" aria-atomic=\"true\"><\/p> <ul><\/ul><\/div>\n<form action=\"\/index.php?rest_route=%2Fwp%2Fv2%2Fpages%2F203#wpcf7-f117-o1\" method=\"post\" class=\"wpcf7-form init\" novalidate=\"novalidate\" data-status=\"init\">\n<div style=\"display: none;\">\n<input type=\"hidden\" name=\"_wpcf7\" value=\"117\" \/>\n<input type=\"hidden\" name=\"_wpcf7_version\" value=\"5.3.2\" \/>\n<input type=\"hidden\" name=\"_wpcf7_locale\" value=\"fr_FR\" \/>\n<input type=\"hidden\" name=\"_wpcf7_unit_tag\" value=\"wpcf7-f117-o1\" \/>\n<input type=\"hidden\" name=\"_wpcf7_container_post\" value=\"0\" \/>\n<input type=\"hidden\" name=\"_wpcf7_posted_data_hash\" value=\"\" \/>\n<\/div>\n<p>Votre adresse email*<br \/>\n    <span class=\"wpcf7-form-control-wrap your-email\"><input type=\"email\" name=\"your-email\" value=\"\" size=\"40\" class=\"wpcf7-form-control wpcf7-text wpcf7-email wpcf7-validates-as-required wpcf7-validates-as-email\" aria-required=\"true\" aria-invalid=\"false\" \/><\/span> <\/p>\n<p>Sujet*<br \/>\n    <span class=\"wpcf7-form-control-wrap your-subject\"><input type=\"text\" name=\"your-subject\" value=\"\" size=\"40\" class=\"wpcf7-form-control wpcf7-text wpcf7-validates-as-required\" aria-required=\"true\" aria-invalid=\"false\" \/><\/span> <\/p>\n<p>Votre message:<br \/>\n    <span class=\"wpcf7-form-control-wrap your-message\"><textarea name=\"your-message\" cols=\"40\" rows=\"10\" class=\"wpcf7-form-control wpcf7-textarea\" aria-invalid=\"false\"><\/textarea><\/span> <\/p>\n<p><input type=\"submit\" value=\"Envoyer\" class=\"wpcf7-form-control wpcf7-submit\" \/><\/p>\n<div class=\"wpcf7-response-output\" aria-hidden=\"true\"><\/div><\/form><\/div><\/div><\/div><\/div> \u00a9 2014 Jo\u00eblle Barakat <span style=\"float: right; margin-right: 4px;\"><a style=\"display: block;\" href=\"http:\/\/ch.linkedin.com\/pub\/jo%C3%ABlle-barakat\/a2\/b8\/539\/en\" target=\"_blank\"><img class=\"alignnone wp-image-165 size-full\" style=\"vertical-align: middle; display: inline-block; margin-right: 4px;\" src=\"https:\/\/joellebarakat.com\/wp-content\/uploads\/2014\/10\/linkedin.png\" alt=\"LinkedIn\" width=\"16\" height=\"16\" \/>LinkedIn<\/a><\/span><\/p><\/div><\/div><\/div><\/div><\/div>","protected":false},"excerpt":{"rendered":"<p>\u00a9 2014 Jo\u00eblle Barakat LinkedIn<\/p>\n","protected":false},"author":2,"featured_media":0,"parent":0,"menu_order":0,"comment_status":"closed","ping_status":"closed","template":"page-templates\/front-page.php","meta":{"ngg_post_thumbnail":0},"_links":{"self":[{"href":"https:\/\/joellebarakat.com\/index.php?rest_route=\/wp\/v2\/pages\/203"}],"collection":[{"href":"https:\/\/joellebarakat.com\/index.php?rest_route=\/wp\/v2\/pages"}],"about":[{"href":"https:\/\/joellebarakat.com\/index.php?rest_route=\/wp\/v2\/types\/page"}],"author":[{"embeddable":true,"href":"https:\/\/joellebarakat.com\/index.php?rest_route=\/wp\/v2\/users\/2"}],"replies":[{"embeddable":true,"href":"https:\/\/joellebarakat.com\/index.php?rest_route=%2Fwp%2Fv2%2Fcomments&post=203"}],"version-history":[{"count":60,"href":"https:\/\/joellebarakat.com\/index.php?rest_route=\/wp\/v2\/pages\/203\/revisions"}],"predecessor-version":[{"id":338,"href":"https:\/\/joellebarakat.com\/index.php?rest_route=\/wp\/v2\/pages\/203\/revisions\/338"}],"wp:attachment":[{"href":"https:\/\/joellebarakat.com\/index.php?rest_route=%2Fwp%2Fv2%2Fmedia&parent=203"}],"curies":[{"name":"wp","href":"https:\/\/api.w.org\/{rel}","templated":true}]}}